{"id":4002,"date":"2025-09-10T07:30:11","date_gmt":"2025-09-10T07:30:11","guid":{"rendered":"https:\/\/shanghai21togo.com\/menu\/?page_id=4002"},"modified":"2025-09-10T07:30:52","modified_gmt":"2025-09-10T07:30:52","slug":"fr","status":"publish","type":"page","link":"https:\/\/shanghai21togo.com\/menu\/fr\/","title":{"rendered":"CAFR HP2"},"content":{"rendered":"<div class=\"hero-header\">\n            <div class=\"video-bg\">\n            <video autoplay muted loop>\n                <source src=\"https:\/\/shanghai21togo.com\/menu\/wp-content\/uploads\/2021\/04\/background_video_gradient-F.mp4\" type=\"video\/mp4\">\n                <source src=\"https:\/\/shanghai21togo.com\/menu\/wp-content\/uploads\/2021\/11\/background_video_gradient-F.webm\" type=\"video\/webm\">\n                Your browser does not support HTML5 video.\n            <\/video>\n        <\/div>\n        <section class=\"hero\">\n        <div class=\"container\">\n            <h1>Bienvenue chez<br>CasinoHub.Club<\/h1>\n                        <h2>Meilleurs casinos et jeux \u00e9valu\u00e9s.<\/h2>\n            <a target=\"_blank\" href=\"https:\/\/click.rea-cr.com\/affiliate\/referral.asp?site=rea&amp;url=brw\/yg\/8\/&amp;seg=108445&amp;lid=205318&amp;aff_id=aff108445:casinohubclub_fr_home-ctayg001\"\n                class=\"btn\">JOUEZ MAINTENANT<\/a>\n        <\/div>\n    <\/section>\n<\/div>\n\n<style>\n    .hero {\n        background-image: url('https:\/\/shanghai21togo.com\/menu\/wp-content\/uploads\/2021\/12\/hero_images-home.png')\n    }\n\n    @media screen and (max-width: 760px) {\n        .hero {\n            background-image: url('https:\/\/shanghai21togo.com\/menu\/wp-content\/uploads\/2021\/12\/new-mobile.png')\n        }\n    }\n<\/style>\n\n    <section class=\"top-casino \">\n        <div class=\"container\">\n            <div class=\"flex\">            \n                                    <div class=\" banner \" style=\"background-image: url('https:\/\/shanghai21togo.com\/menu\/wp-content\/uploads\/2021\/12\/boom-pirates.jpg')\">\n                        \n\n                        <div class=\"banner-img\">\n                            <div class=\"img-holder\">\n                                <img decoding=\"async\" src=\"https:\/\/shanghai21togo.com\/menu\/wp-content\/uploads\/2021\/12\/boom-pirates.jpg\" alt=\"\">\n                            <\/div>\n                        <\/div>\n                        \n                        <div class=\"banner-body\">\n                            <h3 class=\"title\">100 chances<span> <br>de devenir un<\/span> millionaire<\/h3>\n                            <p class=\"subtitle\">pour seulement 5$<\/p>\n                            <a target=\"_blank\"href=\"https:\/\/click.rea-cr.com\/affiliate\/referral.asp?site=rea&amp;url=brw\/ccc\/16\/&amp;seg=108445&amp;lid=205318&amp;aff_id=aff108445:casinohubclub_fr_home-ctaccc001\" class=\"btn\">JOUEZ MAINTENANT<\/a>\n                            <ul class=\"key-features\">\n                                                                                            <li>Nouveaux jeux exclusifs<\/li>\n                                                                <li>Modes de paiement rapides<\/li>\n                                                                <li>Accepte les joueurs du Canada<\/li>\n                                                                                            <\/ul>\n\n                            <div class=\"banking\">\n                                                                <span>Options Bancaires:<\/span>\n                            <\/div>\n                            <img loading=\"lazy\" decoding=\"async\" width=\"342\" height=\"39\" src=\"https:\/\/shanghai21togo.com\/menu\/wp-content\/uploads\/2021\/04\/payment-icons.jpg\" class=\"attachment-full size-full\" alt=\"\" srcset=\"https:\/\/shanghai21togo.com\/menu\/wp-content\/uploads\/2021\/04\/payment-icons.jpg 342w, https:\/\/shanghai21togo.com\/menu\/wp-content\/uploads\/2021\/04\/payment-icons-300x34.jpg 300w, https:\/\/shanghai21togo.com\/menu\/wp-content\/uploads\/2021\/04\/payment-icons-340x39.jpg 340w\" sizes=\"auto, (max-width: 342px) 100vw, 342px\" \/>                        <\/div>\n\n                        <div class=\"bottom\">\n                        <h3 class=\"title\">100 chances<span> <br>de devenir un<\/span> millionaire<\/h3>\n                            <p class=\"subtitle\">pour seulement 5$<\/p>\n\n                            <div class=\"banking\">\n                                                                <span>Options Bancaires:<\/span>\n                            <\/div>\n                            <img loading=\"lazy\" decoding=\"async\" width=\"342\" height=\"39\" src=\"https:\/\/shanghai21togo.com\/menu\/wp-content\/uploads\/2021\/04\/payment-icons.jpg\" class=\"attachment-full size-full\" alt=\"\" srcset=\"https:\/\/shanghai21togo.com\/menu\/wp-content\/uploads\/2021\/04\/payment-icons.jpg 342w, https:\/\/shanghai21togo.com\/menu\/wp-content\/uploads\/2021\/04\/payment-icons-300x34.jpg 300w, https:\/\/shanghai21togo.com\/menu\/wp-content\/uploads\/2021\/04\/payment-icons-340x39.jpg 340w\" sizes=\"auto, (max-width: 342px) 100vw, 342px\" \/>\n                            <a target=\"_blank\"href=\"https:\/\/click.rea-cr.com\/affiliate\/referral.asp?site=rea&amp;url=brw\/ccc\/16\/&amp;seg=108445&amp;lid=205318&amp;aff_id=aff108445:casinohubclub_fr_home-ctaccc001\" class=\"btn\">JOUEZ MAINTENANT<\/a>\n                        <\/div>\n                    <\/div>\n                                    <div class=\" banner top\" style=\"background-image: url('https:\/\/shanghai21togo.com\/menu\/wp-content\/uploads\/2021\/04\/MVM_offer_banner.jpg')\">\n                                                    <div class=\"label\">#1. CASINO EN LIGNE<\/div>\n                        \n\n                        <div class=\"banner-img\">\n                            <div class=\"img-holder\">\n                                <img decoding=\"async\" src=\"https:\/\/shanghai21togo.com\/menu\/wp-content\/uploads\/2021\/04\/MVM_offer_banner.jpg\" alt=\"\">\n                            <\/div>\n                        <\/div>\n                        \n                        <div class=\"banner-body\">\n                            <h3 class=\"title\">150 chances<span> <br>de devenir un<\/span> millionaire<\/h3>\n                            <p class=\"subtitle\">pour seulement 10$<\/p>\n                            <a target=\"_blank\"href=\"https:\/\/click.rea-cr.com\/affiliate\/referral.asp?site=rea&amp;url=brw\/yg\/8\/&amp;seg=108445&amp;lid=205318&amp;aff_id=aff108445:casinohubclub_fr_home-ctayg002\" class=\"btn\">JOUEZ MAINTENANT<\/a>\n                            <ul class=\"key-features\">\n                                                                                            <li>550+ jeux de casino en HD<\/li>\n                                                                <li>Plus de 20 ans d&#8217;excellence<\/li>\n                                                                <li>Certifi\u00e9 par eCogra<\/li>\n                                                                                            <\/ul>\n\n                            <div class=\"banking\">\n                                                                <span>Options Bancaires:<\/span>\n                            <\/div>\n                            <img loading=\"lazy\" decoding=\"async\" width=\"342\" height=\"39\" src=\"https:\/\/shanghai21togo.com\/menu\/wp-content\/uploads\/2021\/04\/payment-icons.jpg\" class=\"attachment-full size-full\" alt=\"\" srcset=\"https:\/\/shanghai21togo.com\/menu\/wp-content\/uploads\/2021\/04\/payment-icons.jpg 342w, https:\/\/shanghai21togo.com\/menu\/wp-content\/uploads\/2021\/04\/payment-icons-300x34.jpg 300w, https:\/\/shanghai21togo.com\/menu\/wp-content\/uploads\/2021\/04\/payment-icons-340x39.jpg 340w\" sizes=\"auto, (max-width: 342px) 100vw, 342px\" \/>                        <\/div>\n\n                        <div class=\"bottom\">\n                        <h3 class=\"title\">150 chances<span> <br>de devenir un<\/span> millionaire<\/h3>\n                            <p class=\"subtitle\">pour seulement 10$<\/p>\n\n                            <div class=\"banking\">\n                                                                <span>Options Bancaires:<\/span>\n                            <\/div>\n                            <img loading=\"lazy\" decoding=\"async\" width=\"342\" height=\"39\" src=\"https:\/\/shanghai21togo.com\/menu\/wp-content\/uploads\/2021\/04\/payment-icons.jpg\" class=\"attachment-full size-full\" alt=\"\" srcset=\"https:\/\/shanghai21togo.com\/menu\/wp-content\/uploads\/2021\/04\/payment-icons.jpg 342w, https:\/\/shanghai21togo.com\/menu\/wp-content\/uploads\/2021\/04\/payment-icons-300x34.jpg 300w, https:\/\/shanghai21togo.com\/menu\/wp-content\/uploads\/2021\/04\/payment-icons-340x39.jpg 340w\" sizes=\"auto, (max-width: 342px) 100vw, 342px\" \/>\n                            <a target=\"_blank\"href=\"https:\/\/click.rea-cr.com\/affiliate\/referral.asp?site=rea&amp;url=brw\/yg\/8\/&amp;seg=108445&amp;lid=205318&amp;aff_id=aff108445:casinohubclub_fr_home-ctayg002\" class=\"btn\">JOUEZ MAINTENANT<\/a>\n                        <\/div>\n                    <\/div>\n                                    <div class=\" banner \" style=\"background-image: url('https:\/\/shanghai21togo.com\/menu\/wp-content\/uploads\/2021\/12\/assassin-moon.jpg')\">\n                        \n\n                        <div class=\"banner-img\">\n                            <div class=\"img-holder\">\n                                <img decoding=\"async\" src=\"https:\/\/shanghai21togo.com\/menu\/wp-content\/uploads\/2021\/12\/assassin-moon.jpg\" alt=\"\">\n                            <\/div>\n                        <\/div>\n                        \n                        <div class=\"banner-body\">\n                            <h3 class=\"title\">80 chances<span> <br>de devenir un<\/span> millionaire<\/h3>\n                            <p class=\"subtitle\">pour seulement 1$<\/p>\n                            <a target=\"_blank\"href=\"https:\/\/click.rea-cr.com\/affiliate\/referral.asp?site=rea&amp;url=brw\/zc\/16\/&amp;seg=108445&amp;lid=205318&amp;aff_id=aff108445:casinohubclub_fr_home-ctazc001\" class=\"btn\">JOUEZ MAINTENANT<\/a>\n                            <ul class=\"key-features\">\n                                                                                            <li>4+ jackpots progressifs<\/li>\n                                                                <li>Gros lots \u00e9normes \u00e0 gagner<\/li>\n                                                                <li>Propuls\u00e9 par Microgaming<\/li>\n                                                                                            <\/ul>\n\n                            <div class=\"banking\">\n                                                                <span>Options Bancaires:<\/span>\n                            <\/div>\n                            <img loading=\"lazy\" decoding=\"async\" width=\"342\" height=\"39\" src=\"https:\/\/shanghai21togo.com\/menu\/wp-content\/uploads\/2021\/04\/payment-icons.jpg\" class=\"attachment-full size-full\" alt=\"\" srcset=\"https:\/\/shanghai21togo.com\/menu\/wp-content\/uploads\/2021\/04\/payment-icons.jpg 342w, https:\/\/shanghai21togo.com\/menu\/wp-content\/uploads\/2021\/04\/payment-icons-300x34.jpg 300w, https:\/\/shanghai21togo.com\/menu\/wp-content\/uploads\/2021\/04\/payment-icons-340x39.jpg 340w\" sizes=\"auto, (max-width: 342px) 100vw, 342px\" \/>                        <\/div>\n\n                        <div class=\"bottom\">\n                        <h3 class=\"title\">80 chances<span> <br>de devenir un<\/span> millionaire<\/h3>\n                            <p class=\"subtitle\">pour seulement 1$<\/p>\n\n                            <div class=\"banking\">\n                                                                <span>Options Bancaires:<\/span>\n                            <\/div>\n                            <img loading=\"lazy\" decoding=\"async\" width=\"342\" height=\"39\" src=\"https:\/\/shanghai21togo.com\/menu\/wp-content\/uploads\/2021\/04\/payment-icons.jpg\" class=\"attachment-full size-full\" alt=\"\" srcset=\"https:\/\/shanghai21togo.com\/menu\/wp-content\/uploads\/2021\/04\/payment-icons.jpg 342w, https:\/\/shanghai21togo.com\/menu\/wp-content\/uploads\/2021\/04\/payment-icons-300x34.jpg 300w, https:\/\/shanghai21togo.com\/menu\/wp-content\/uploads\/2021\/04\/payment-icons-340x39.jpg 340w\" sizes=\"auto, (max-width: 342px) 100vw, 342px\" \/>\n                            <a target=\"_blank\"href=\"https:\/\/click.rea-cr.com\/affiliate\/referral.asp?site=rea&amp;url=brw\/zc\/16\/&amp;seg=108445&amp;lid=205318&amp;aff_id=aff108445:casinohubclub_fr_home-ctazc001\" class=\"btn\">JOUEZ MAINTENANT<\/a>\n                        <\/div>\n                    <\/div>\n                            <\/div>\n        <\/div>\n    <\/section>\n\n\n\n<section class=\"casino-section \" style=\"background-image: url(https:\/\/shanghai21togo.com\/menu\/wp-content\/uploads\/2021\/04\/bg-1.jpg)\">\n    \n<section class=\"text\">\n    <div class=\"container\">\n        <p>Bienvenue au <strong>Casino Hub Club<\/strong>, le rendez-vous des passionn\u00e9s de casino !<\/p>\n<p>Au Casino Hub Club, vous pouvez lire des critiques sur le casino le plus populaire de Microgaming.<\/p>\n<p>Notre casino pr\u00e9f\u00e9r\u00e9 du moment est Yukon Gold Casino. Vous pouvez lire notre <a href=\"https:\/\/shanghai21togo.com\/menu\/yukon-gold-casino\/\">critique ici<\/a>.<\/p>\n<p>Sur ce site, vous trouverez \u00e9galement des <a href=\"https:\/\/shanghai21togo.com\/menu\/online-slots-canada\/\">critiques de jeux<\/a> des derni\u00e8res versions de Microgaming.<\/p>\n<p>Nous esp\u00e9rons que vous <strong>l&#8217;appr\u00e9cierez<\/strong>!<\/p>\n    <\/div>\n<\/section>\n\n<div class=\"text\">\n    <div class=\"container\">\n\t\t        <div class=\"full-width-banner hide-small\">\n            <img decoding=\"async\" src=\"\" alt=\"\" class=\"casino-logo\" loading=\"lazy\" style=\"top: px; margin-top: -px\">\n            <img loading=\"lazy\" decoding=\"async\" width=\"810\" height=\"450\" src=\"https:\/\/shanghai21togo.com\/menu\/wp-content\/uploads\/2021\/11\/lux-banner2-d.jpg\" class=\"banner\" alt=\"\" \/>            <a target=\"_blank\"href=\"https:\/\/click.rea-cr.com\/affiliate\/referral.asp?site=rea&amp;url=brw\/yg\/8\/&amp;seg=108445&amp;lid=205318&amp;aff_id=aff108445:casinohubclub_fr_home-ctayg003\" class=\"btn\">Jouez Maintenant<\/a>\n        <\/div>\n        <div class=\"full-width-banner hide show-small\">\n            <img decoding=\"async\" src=\"\" alt=\"\" class=\"casino-logo\" loading=\"lazy\" style=\"top: px; margin-top: -px\">\n            <img loading=\"lazy\" decoding=\"async\" width=\"345\" height=\"450\" src=\"https:\/\/shanghai21togo.com\/menu\/wp-content\/uploads\/2021\/11\/lux-banner2-m.jpg\" class=\"banner\" alt=\"\" \/>            <a target=\"_blank\"href=\"https:\/\/click.rea-cr.com\/affiliate\/referral.asp?site=rea&amp;url=brw\/yg\/8\/&amp;seg=108445&amp;lid=205318&amp;aff_id=aff108445:casinohubclub_fr_home-ctayg003\" class=\"btn\">Jouez Maintenant<\/a>\n        <\/div>\n    <\/div>\n<\/div>\n\n<div class=\"other-slots\">\n        <div class=\"container\">\n            <h2 class=\"text-center\">Meilleurs Jeux de Machines \u00e0 Sous <\/h2>\n                            <div class=\"banner-set\">\n                                            <div class=\"banner\">\n                            <img loading=\"lazy\" decoding=\"async\" width=\"283\" height=\"450\" src=\"https:\/\/shanghai21togo.com\/menu\/wp-content\/uploads\/2021\/12\/9mask.jpg\" class=\"attachment-full size-full\" alt=\"\" \/>                            <div class=\"content\">\n                                <div class=\"name\"><\/div>\n                                <a target=\"_blank\"href=\"https:\/\/click.rea-cr.com\/affiliate\/referral.asp?site=rea&amp;url=brw\/lxc\/13\/&amp;v=3&amp;seg=108445&amp;lid=205318&amp;aff_id=aff108445:casinohubclub_fr_home-ctalxc001\" class=\"btn\">Jouez Maintenant<\/a>\n                            <\/div>\n                        <\/div>\n                                            <div class=\"banner\">\n                            <img loading=\"lazy\" decoding=\"async\" width=\"283\" height=\"450\" src=\"https:\/\/shanghai21togo.com\/menu\/wp-content\/uploads\/2021\/12\/10k.jpg\" class=\"attachment-full size-full\" alt=\"\" \/>                            <div class=\"content\">\n                                <div class=\"name\"><\/div>\n                                <a target=\"_blank\"href=\"https:\/\/click.rea-cr.com\/affiliate\/referral.asp?site=rea&amp;url=brw\/vlv\/1\/&amp;v=26&amp;seg=108445&amp;lid=205318&amp;aff_id=aff108445:casinohubclub_fr_home-ctavlv001\" class=\"btn\">Jouez Maintenant<\/a>\n                            <\/div>\n                        <\/div>\n                                            <div class=\"banner\">\n                            <img loading=\"lazy\" decoding=\"async\" width=\"283\" height=\"450\" src=\"https:\/\/shanghai21togo.com\/menu\/wp-content\/uploads\/2021\/12\/noble-sky.jpg\" class=\"attachment-full size-full\" alt=\"\" \/>                            <div class=\"content\">\n                                <div class=\"name\"><\/div>\n                                <a target=\"_blank\"href=\"https:\/\/click.rea-cr.com\/affiliate\/referral.asp?site=rea&amp;url=brw\/yg\/8\/&amp;seg=108445&amp;lid=205318&amp;aff_id=aff108445:casinohubclub_fr_home-ctayg004\" class=\"btn\">Jouez Maintenant<\/a>\n                            <\/div>\n                        <\/div>\n                                            <div class=\"banner\">\n                            <img loading=\"lazy\" decoding=\"async\" width=\"283\" height=\"450\" src=\"https:\/\/shanghai21togo.com\/menu\/wp-content\/uploads\/2021\/12\/zeus.jpg\" class=\"attachment-full size-full\" alt=\"\" \/>                            <div class=\"content\">\n                                <div class=\"name\"><\/div>\n                                <a target=\"_blank\"href=\"https:\/\/click.rea-cr.com\/affiliate\/referral.asp?site=rea&amp;url=brw\/yg\/8\/&amp;seg=108445&amp;lid=205318&amp;aff_id=aff108445:casinohubclub_fr_home-ctayg005\" class=\"btn\">Jouez Maintenant<\/a>\n                            <\/div>\n                        <\/div>\n                                    <\/div>\n                    <\/div>\n    <\/div>\n<\/section>\n\n\n<p><\/p>\n\n\n<\/section>","protected":false},"excerpt":{"rendered":"","protected":false},"author":1,"featured_media":0,"parent":0,"menu_order":0,"comment_status":"closed","ping_status":"closed","template":"page-redesign.php","meta":{"_acf_changed":false,"yasr_overall_rating":0,"yasr_post_is_review":"","yasr_auto_insert_disabled":"","yasr_review_type":"","footnotes":""},"class_list":["post-4002","page","type-page","status-publish","hentry"],"acf":[],"yoast_head":"<!-- This site is optimized with the Yoast SEO plugin v27.5 - https:\/\/yoast.com\/product\/yoast-seo-wordpress\/ -->\n<title>CasinoHub365 - Bienvenue au Hub<\/title>\n<meta name=\"robots\" content=\"index, follow, max-snippet:-1, max-image-preview:large, max-video-preview:-1\" \/>\n<link rel=\"canonical\" href=\"https:\/\/shanghai21togo.com\/menu\/fr\/\" \/>\n<meta property=\"og:locale\" content=\"en_US\" \/>\n<meta property=\"og:type\" content=\"article\" \/>\n<meta property=\"og:title\" content=\"CasinoHub365 - Bienvenue au Hub\" \/>\n<meta property=\"og:url\" content=\"https:\/\/shanghai21togo.com\/menu\/fr\/\" \/>\n<meta property=\"og:site_name\" content=\"CasinoHub365\" \/>\n<meta property=\"article:modified_time\" content=\"2025-09-10T07:30:52+00:00\" \/>\n<meta property=\"og:image\" content=\"https:\/\/shanghai21togo.com\/menu\/wp-content\/uploads\/2025\/08\/social-share-card.jpg\" \/>\n\t<meta property=\"og:image:width\" content=\"1200\" \/>\n\t<meta property=\"og:image:height\" content=\"628\" \/>\n\t<meta property=\"og:image:type\" content=\"image\/jpeg\" \/>\n<meta name=\"twitter:card\" content=\"summary_large_image\" \/>\n<script type=\"application\/ld+json\" class=\"yoast-schema-graph\">{\"@context\":\"https:\\\/\\\/schema.org\",\"@graph\":[{\"@type\":\"WebPage\",\"@id\":\"https:\\\/\\\/shanghai21togo.com\\\/menu\\\/fr\\\/\",\"url\":\"https:\\\/\\\/shanghai21togo.com\\\/menu\\\/fr\\\/\",\"name\":\"CasinoHub365 - Bienvenue au Hub\",\"isPartOf\":{\"@id\":\"https:\\\/\\\/shanghai21togo.com\\\/menu\\\/#website\"},\"datePublished\":\"2025-09-10T07:30:11+00:00\",\"dateModified\":\"2025-09-10T07:30:52+00:00\",\"breadcrumb\":{\"@id\":\"https:\\\/\\\/shanghai21togo.com\\\/menu\\\/fr\\\/#breadcrumb\"},\"inLanguage\":\"en-CA\",\"potentialAction\":[{\"@type\":\"ReadAction\",\"target\":[\"https:\\\/\\\/shanghai21togo.com\\\/menu\\\/fr\\\/\"]}]},{\"@type\":\"BreadcrumbList\",\"@id\":\"https:\\\/\\\/shanghai21togo.com\\\/menu\\\/fr\\\/#breadcrumb\",\"itemListElement\":[{\"@type\":\"ListItem\",\"position\":1,\"name\":\"Home\",\"item\":\"https:\\\/\\\/shanghai21togo.com\\\/menu\\\/\"},{\"@type\":\"ListItem\",\"position\":2,\"name\":\"CAFR HP2\"}]},{\"@type\":\"WebSite\",\"@id\":\"https:\\\/\\\/shanghai21togo.com\\\/menu\\\/#website\",\"url\":\"https:\\\/\\\/shanghai21togo.com\\\/menu\\\/\",\"name\":\"CasinoHub365\",\"description\":\"CasinoHub365\",\"potentialAction\":[{\"@type\":\"SearchAction\",\"target\":{\"@type\":\"EntryPoint\",\"urlTemplate\":\"https:\\\/\\\/shanghai21togo.com\\\/menu\\\/?s={search_term_string}\"},\"query-input\":{\"@type\":\"PropertyValueSpecification\",\"valueRequired\":true,\"valueName\":\"search_term_string\"}}],\"inLanguage\":\"en-CA\"},false]}<\/script>\n<!-- \/ Yoast SEO plugin. -->","yoast_head_json":{"title":"CasinoHub365 - Bienvenue au Hub","robots":{"index":"index","follow":"follow","max-snippet":"max-snippet:-1","max-image-preview":"max-image-preview:large","max-video-preview":"max-video-preview:-1"},"canonical":"https:\/\/shanghai21togo.com\/menu\/fr\/","og_locale":"en_US","og_type":"article","og_title":"CasinoHub365 - Bienvenue au Hub","og_url":"https:\/\/shanghai21togo.com\/menu\/fr\/","og_site_name":"CasinoHub365","article_modified_time":"2025-09-10T07:30:52+00:00","og_image":[{"width":1200,"height":628,"url":"https:\/\/shanghai21togo.com\/menu\/wp-content\/uploads\/2025\/08\/social-share-card.jpg","type":"image\/jpeg"}],"twitter_card":"summary_large_image","schema":{"@context":"https:\/\/schema.org","@graph":[{"@type":"WebPage","@id":"https:\/\/shanghai21togo.com\/menu\/fr\/","url":"https:\/\/shanghai21togo.com\/menu\/fr\/","name":"CasinoHub365 - Bienvenue au Hub","isPartOf":{"@id":"https:\/\/shanghai21togo.com\/menu\/#website"},"datePublished":"2025-09-10T07:30:11+00:00","dateModified":"2025-09-10T07:30:52+00:00","breadcrumb":{"@id":"https:\/\/shanghai21togo.com\/menu\/fr\/#breadcrumb"},"inLanguage":"en-CA","potentialAction":[{"@type":"ReadAction","target":["https:\/\/shanghai21togo.com\/menu\/fr\/"]}]},{"@type":"BreadcrumbList","@id":"https:\/\/shanghai21togo.com\/menu\/fr\/#breadcrumb","itemListElement":[{"@type":"ListItem","position":1,"name":"Home","item":"https:\/\/shanghai21togo.com\/menu\/"},{"@type":"ListItem","position":2,"name":"CAFR HP2"}]},{"@type":"WebSite","@id":"https:\/\/shanghai21togo.com\/menu\/#website","url":"https:\/\/shanghai21togo.com\/menu\/","name":"CasinoHub365","description":"CasinoHub365","potentialAction":[{"@type":"SearchAction","target":{"@type":"EntryPoint","urlTemplate":"https:\/\/shanghai21togo.com\/menu\/?s={search_term_string}"},"query-input":{"@type":"PropertyValueSpecification","valueRequired":true,"valueName":"search_term_string"}}],"inLanguage":"en-CA"},false]}},"yasr_visitor_votes":{"stars_attributes":{"read_only":false,"span_bottom":false},"number_of_votes":0,"sum_votes":0},"_links":{"self":[{"href":"https:\/\/shanghai21togo.com\/menu\/wp-json\/wp\/v2\/pages\/4002","targetHints":{"allow":["GET"]}}],"collection":[{"href":"https:\/\/shanghai21togo.com\/menu\/wp-json\/wp\/v2\/pages"}],"about":[{"href":"https:\/\/shanghai21togo.com\/menu\/wp-json\/wp\/v2\/types\/page"}],"author":[{"embeddable":true,"href":"https:\/\/shanghai21togo.com\/menu\/wp-json\/wp\/v2\/users\/1"}],"replies":[{"embeddable":true,"href":"https:\/\/shanghai21togo.com\/menu\/wp-json\/wp\/v2\/comments?post=4002"}],"version-history":[{"count":1,"href":"https:\/\/shanghai21togo.com\/menu\/wp-json\/wp\/v2\/pages\/4002\/revisions"}],"predecessor-version":[{"id":4003,"href":"https:\/\/shanghai21togo.com\/menu\/wp-json\/wp\/v2\/pages\/4002\/revisions\/4003"}],"wp:attachment":[{"href":"https:\/\/shanghai21togo.com\/menu\/wp-json\/wp\/v2\/media?parent=4002"}],"curies":[{"name":"wp","href":"https:\/\/api.w.org\/{rel}","templated":true}]}}